{"id":10,"date":"2026-01-05T08:32:37","date_gmt":"2026-01-05T08:32:37","guid":{"rendered":"https:\/\/juanfranciscociller.rkinformatika.online\/?page_id=10"},"modified":"2026-01-07T11:55:58","modified_gmt":"2026-01-07T11:55:58","slug":"inicio","status":"publish","type":"page","link":"https:\/\/juanfranciscociller.com\/en\/","title":{"rendered":"Home"},"content":{"rendered":"<div data-elementor-type=\"wp-page\" data-elementor-id=\"10\" class=\"elementor elementor-10\" data-elementor-post-type=\"page\">\n\t\t\t\t<div class=\"elementor-element elementor-element-1309eff e-flex e-con-boxed e-con e-parent\" data-id=\"1309eff\" data-element_type=\"container\" data-e-type=\"container\" data-settings=\"{&quot;background_background&quot;:&quot;classic&quot;,&quot;animation_tablet&quot;:&quot;fadeIn&quot;}\">\n\t\t\t\t\t<div class=\"e-con-inner\">\n\t\t\t\t<div class=\"elementor-element elementor-element-629aac4 elementor-widget__width-initial elementor-invisible elementor-widget elementor-widget-heading\" data-id=\"629aac4\" data-element_type=\"widget\" data-e-type=\"widget\" data-settings=\"{&quot;_animation&quot;:&quot;fadeIn&quot;,&quot;_animation_tablet&quot;:&quot;fadeIn&quot;,&quot;_animation_mobile&quot;:&quot;fadeIn&quot;}\" data-widget_type=\"heading.default\">\n\t\t\t\t\t<h2 class=\"elementor-heading-title elementor-size-default\">Professional solutions in vacuum, pressure and compressed air systems<\/h2>\t\t\t\t<\/div>\n\t\t\t\t\t<\/div>\n\t\t\t\t<\/div>\n\t\t<div class=\"elementor-element elementor-element-b28bbe3 e-flex e-con-boxed e-con e-parent\" data-id=\"b28bbe3\" data-element_type=\"container\" data-e-type=\"container\" data-settings=\"{&quot;animation_tablet&quot;:&quot;fadeInUp&quot;}\">\n\t\t\t\t\t<div class=\"e-con-inner\">\n\t\t<div class=\"elementor-element elementor-element-0dcb1cd e-con-full e-flex e-con e-child\" data-id=\"0dcb1cd\" data-element_type=\"container\" data-e-type=\"container\">\n\t\t\t\t<div class=\"elementor-element elementor-element-8488427 elementor-widget elementor-widget-heading\" data-id=\"8488427\" data-element_type=\"widget\" data-e-type=\"widget\" data-widget_type=\"heading.default\">\n\t\t\t\t\t<h2 class=\"elementor-heading-title elementor-size-default\">About Us:<\/h2>\t\t\t\t<\/div>\n\t\t\t\t<div class=\"elementor-element elementor-element-e8deecc elementor-widget elementor-widget-text-editor\" data-id=\"e8deecc\" data-element_type=\"widget\" data-e-type=\"widget\" data-widget_type=\"text-editor.default\">\n\t\t\t\t\t\t\t\t\t<p>We are a company specializing in the comprehensive service of maintenance, repair and sale of vacuum systems, pressure and compressed air compressors, geared towards the industrial sector.<\/p><p>Our journey began in 2002, after years of training and professional development in various companies within the sector. Since then, we have worked independently, building a solid client portfolio based on trust, close relationships, and personal attention, turning many professional connections into friendships.<\/p><p>We offer complete solutions that include repair, maintenance, sale and rental of equipment, as well as the installation and legalization of networks, guaranteeing an efficient, safe service adapted to the needs of each client.<\/p>\t\t\t\t\t\t\t\t<\/div>\n\t\t\t\t<\/div>\n\t\t<div class=\"elementor-element elementor-element-a51a259 e-con-full e-flex e-con e-child\" data-id=\"a51a259\" data-element_type=\"container\" data-e-type=\"container\" data-settings=\"{&quot;background_background&quot;:&quot;classic&quot;}\">\n\t\t\t\t<div class=\"elementor-element elementor-element-e878cf8 elementor-widget elementor-widget-image\" data-id=\"e878cf8\" data-element_type=\"widget\" data-e-type=\"widget\" data-widget_type=\"image.default\">\n\t\t\t\t\t\t\t\t\t\t\t\t\t\t\t<img fetchpriority=\"high\" decoding=\"async\" width=\"810\" height=\"1500\" src=\"https:\/\/juanfranciscociller.com\/wp-content\/uploads\/2026\/01\/3322.jpg\" class=\"attachment-2048x2048 size-2048x2048 wp-image-117\" alt=\"\" srcset=\"https:\/\/juanfranciscociller.com\/wp-content\/uploads\/2026\/01\/3322.jpg 810w, https:\/\/juanfranciscociller.com\/wp-content\/uploads\/2026\/01\/3322-162x300.jpg 162w, https:\/\/juanfranciscociller.com\/wp-content\/uploads\/2026\/01\/3322-553x1024.jpg 553w, https:\/\/juanfranciscociller.com\/wp-content\/uploads\/2026\/01\/3322-768x1422.jpg 768w, https:\/\/juanfranciscociller.com\/wp-content\/uploads\/2026\/01\/3322-6x12.jpg 6w\" sizes=\"(max-width: 810px) 100vw, 810px\" \/>\t\t\t\t\t\t\t\t\t\t\t\t\t\t\t<\/div>\n\t\t\t\t<\/div>\n\t\t\t\t\t<\/div>\n\t\t\t\t<\/div>\n\t\t<div class=\"elementor-element elementor-element-e58d20e e-flex e-con-boxed e-con e-parent\" data-id=\"e58d20e\" data-element_type=\"container\" data-e-type=\"container\" data-settings=\"{&quot;background_background&quot;:&quot;classic&quot;,&quot;animation_tablet&quot;:&quot;fadeInUp&quot;}\">\n\t\t\t\t\t<div class=\"e-con-inner\">\n\t\t\t\t<div class=\"elementor-element elementor-element-f394e1b elementor-widget elementor-widget-heading\" data-id=\"f394e1b\" data-element_type=\"widget\" data-e-type=\"widget\" data-widget_type=\"heading.default\">\n\t\t\t\t\t<h2 class=\"elementor-heading-title elementor-size-default\">Comprehensive service for vacuum and pressure systems since 2002<\/h2>\t\t\t\t<\/div>\n\t\t\t\t<div class=\"elementor-element elementor-element-3be2a25 elementor-align-center elementor-widget elementor-widget-button\" data-id=\"3be2a25\" data-element_type=\"widget\" data-e-type=\"widget\" data-widget_type=\"button.default\">\n\t\t\t\t\t\t\t\t\t\t<a class=\"elementor-button elementor-button-link elementor-size-sm elementor-animation-pop\" href=\"https:\/\/juanfranciscociller.com\/en\/servicios\/\">\n\t\t\t\t\t\t<span class=\"elementor-button-content-wrapper\">\n\t\t\t\t\t\t\t\t\t<span class=\"elementor-button-text\">Services<\/span>\n\t\t\t\t\t<\/span>\n\t\t\t\t\t<\/a>\n\t\t\t\t\t\t\t\t<\/div>\n\t\t\t\t\t<\/div>\n\t\t\t\t<\/div>\n\t\t\t\t<\/div>","protected":false},"excerpt":{"rendered":"<p>Soluciones profesionales en sistemas de vac\u00edo, presi\u00f3n y aire comprimido Sobre Nosotros: Somos una empresa especializada en el servicio integral de mantenimiento, reparaci\u00f3n y venta de sistemas de vac\u00edo, presi\u00f3n y compresores de aire comprimido, orientados al sector industrial. Nuestra trayectoria comenz\u00f3 en 2002, tras a\u00f1os de formaci\u00f3n y desarrollo profesional en distintas empresas del [&hellip;]<\/p>\n","protected":false},"author":1,"featured_media":0,"parent":0,"menu_order":0,"comment_status":"closed","ping_status":"closed","template":"elementor_canvas","meta":{"footnotes":""},"class_list":["post-10","page","type-page","status-publish","hentry"],"yoast_head":"<!-- This site is optimized with the Yoast SEO plugin v27.5 - https:\/\/yoast.com\/product\/yoast-seo-wordpress\/ -->\n<title>Inicio - Juan Francisco Ciller P\u00e9rez<\/title>\n<meta name=\"robots\" content=\"index, follow, max-snippet:-1, max-image-preview:large, max-video-preview:-1\" \/>\n<link rel=\"canonical\" href=\"https:\/\/juanfranciscociller.com\/en\/\" \/>\n<meta property=\"og:locale\" content=\"en_GB\" \/>\n<meta property=\"og:type\" content=\"article\" \/>\n<meta property=\"og:title\" content=\"Inicio - Juan Francisco Ciller P\u00e9rez\" \/>\n<meta property=\"og:description\" content=\"Soluciones profesionales en sistemas de vac\u00edo, presi\u00f3n y aire comprimido Sobre Nosotros: Somos una empresa especializada en el servicio integral de mantenimiento, reparaci\u00f3n y venta de sistemas de vac\u00edo, presi\u00f3n y compresores de aire comprimido, orientados al sector industrial. Nuestra trayectoria comenz\u00f3 en 2002, tras a\u00f1os de formaci\u00f3n y desarrollo profesional en distintas empresas del [&hellip;]\" \/>\n<meta property=\"og:url\" content=\"https:\/\/juanfranciscociller.com\/en\/\" \/>\n<meta property=\"og:site_name\" content=\"Juan Francisco Ciller P\u00e9rez\" \/>\n<meta property=\"article:modified_time\" content=\"2026-01-07T11:55:58+00:00\" \/>\n<meta property=\"og:image\" content=\"https:\/\/juanfranciscociller.com\/wp-content\/uploads\/2026\/01\/3322.jpg\" \/>\n<meta name=\"twitter:card\" content=\"summary_large_image\" \/>\n<meta name=\"twitter:label1\" content=\"Estimated reading time\" \/>\n\t<meta name=\"twitter:data1\" content=\"1 minute\" \/>\n<script type=\"application\/ld+json\" class=\"yoast-schema-graph\">{\"@context\":\"https:\\\/\\\/schema.org\",\"@graph\":[{\"@type\":\"WebPage\",\"@id\":\"https:\\\/\\\/juanfranciscociller.com\\\/\",\"url\":\"https:\\\/\\\/juanfranciscociller.com\\\/\",\"name\":\"Inicio - Juan Francisco Ciller P\u00e9rez\",\"isPartOf\":{\"@id\":\"https:\\\/\\\/juanfranciscociller.com\\\/#website\"},\"primaryImageOfPage\":{\"@id\":\"https:\\\/\\\/juanfranciscociller.com\\\/#primaryimage\"},\"image\":{\"@id\":\"https:\\\/\\\/juanfranciscociller.com\\\/#primaryimage\"},\"thumbnailUrl\":\"https:\\\/\\\/juanfranciscociller.com\\\/wp-content\\\/uploads\\\/2026\\\/01\\\/3322.jpg\",\"datePublished\":\"2026-01-05T08:32:37+00:00\",\"dateModified\":\"2026-01-07T11:55:58+00:00\",\"breadcrumb\":{\"@id\":\"https:\\\/\\\/juanfranciscociller.com\\\/#breadcrumb\"},\"inLanguage\":\"en-GB\",\"potentialAction\":[{\"@type\":\"ReadAction\",\"target\":[\"https:\\\/\\\/juanfranciscociller.com\\\/\"]}]},{\"@type\":\"ImageObject\",\"inLanguage\":\"en-GB\",\"@id\":\"https:\\\/\\\/juanfranciscociller.com\\\/#primaryimage\",\"url\":\"https:\\\/\\\/juanfranciscociller.com\\\/wp-content\\\/uploads\\\/2026\\\/01\\\/3322.jpg\",\"contentUrl\":\"https:\\\/\\\/juanfranciscociller.com\\\/wp-content\\\/uploads\\\/2026\\\/01\\\/3322.jpg\"},{\"@type\":\"BreadcrumbList\",\"@id\":\"https:\\\/\\\/juanfranciscociller.com\\\/#breadcrumb\",\"itemListElement\":[{\"@type\":\"ListItem\",\"position\":1,\"name\":\"Portada\",\"item\":\"https:\\\/\\\/juanfranciscociller.com\\\/\"},{\"@type\":\"ListItem\",\"position\":2,\"name\":\"Inicio\"}]},{\"@type\":\"WebSite\",\"@id\":\"https:\\\/\\\/juanfranciscociller.com\\\/#website\",\"url\":\"https:\\\/\\\/juanfranciscociller.com\\\/\",\"name\":\"Juan Francisco Ciller P\u00e9rez\",\"description\":\"presi\u00f3n y compresores de aire comprimido.\",\"publisher\":{\"@id\":\"https:\\\/\\\/juanfranciscociller.com\\\/#organization\"},\"potentialAction\":[{\"@type\":\"SearchAction\",\"target\":{\"@type\":\"EntryPoint\",\"urlTemplate\":\"https:\\\/\\\/juanfranciscociller.com\\\/?s={search_term_string}\"},\"query-input\":{\"@type\":\"PropertyValueSpecification\",\"valueRequired\":true,\"valueName\":\"search_term_string\"}}],\"inLanguage\":\"en-GB\"},{\"@type\":\"Organization\",\"@id\":\"https:\\\/\\\/juanfranciscociller.com\\\/#organization\",\"name\":\"Juan Francisco Ciller P\u00e9rez\",\"url\":\"https:\\\/\\\/juanfranciscociller.com\\\/\",\"logo\":{\"@type\":\"ImageObject\",\"inLanguage\":\"en-GB\",\"@id\":\"https:\\\/\\\/juanfranciscociller.com\\\/#\\\/schema\\\/logo\\\/image\\\/\",\"url\":\"https:\\\/\\\/juanfranciscociller.com\\\/wp-content\\\/uploads\\\/2026\\\/01\\\/cropped-juanfranciscociller202510_logo_web.png\",\"contentUrl\":\"https:\\\/\\\/juanfranciscociller.com\\\/wp-content\\\/uploads\\\/2026\\\/01\\\/cropped-juanfranciscociller202510_logo_web.png\",\"width\":1079,\"height\":161,\"caption\":\"Juan Francisco Ciller P\u00e9rez \"},\"image\":{\"@id\":\"https:\\\/\\\/juanfranciscociller.com\\\/#\\\/schema\\\/logo\\\/image\\\/\"}}]}<\/script>\n<!-- \/ Yoast SEO plugin. -->","yoast_head_json":{"title":"Inicio - Juan Francisco Ciller P\u00e9rez","robots":{"index":"index","follow":"follow","max-snippet":"max-snippet:-1","max-image-preview":"max-image-preview:large","max-video-preview":"max-video-preview:-1"},"canonical":"https:\/\/juanfranciscociller.com\/en\/","og_locale":"en_GB","og_type":"article","og_title":"Inicio - Juan Francisco Ciller P\u00e9rez","og_description":"Soluciones profesionales en sistemas de vac\u00edo, presi\u00f3n y aire comprimido Sobre Nosotros: Somos una empresa especializada en el servicio integral de mantenimiento, reparaci\u00f3n y venta de sistemas de vac\u00edo, presi\u00f3n y compresores de aire comprimido, orientados al sector industrial. Nuestra trayectoria comenz\u00f3 en 2002, tras a\u00f1os de formaci\u00f3n y desarrollo profesional en distintas empresas del [&hellip;]","og_url":"https:\/\/juanfranciscociller.com\/en\/","og_site_name":"Juan Francisco Ciller P\u00e9rez","article_modified_time":"2026-01-07T11:55:58+00:00","og_image":[{"url":"https:\/\/juanfranciscociller.com\/wp-content\/uploads\/2026\/01\/3322.jpg","type":"","width":"","height":""}],"twitter_card":"summary_large_image","twitter_misc":{"Estimated reading time":"1 minute"},"schema":{"@context":"https:\/\/schema.org","@graph":[{"@type":"WebPage","@id":"https:\/\/juanfranciscociller.com\/","url":"https:\/\/juanfranciscociller.com\/","name":"Inicio - Juan Francisco Ciller P\u00e9rez","isPartOf":{"@id":"https:\/\/juanfranciscociller.com\/#website"},"primaryImageOfPage":{"@id":"https:\/\/juanfranciscociller.com\/#primaryimage"},"image":{"@id":"https:\/\/juanfranciscociller.com\/#primaryimage"},"thumbnailUrl":"https:\/\/juanfranciscociller.com\/wp-content\/uploads\/2026\/01\/3322.jpg","datePublished":"2026-01-05T08:32:37+00:00","dateModified":"2026-01-07T11:55:58+00:00","breadcrumb":{"@id":"https:\/\/juanfranciscociller.com\/#breadcrumb"},"inLanguage":"en-GB","potentialAction":[{"@type":"ReadAction","target":["https:\/\/juanfranciscociller.com\/"]}]},{"@type":"ImageObject","inLanguage":"en-GB","@id":"https:\/\/juanfranciscociller.com\/#primaryimage","url":"https:\/\/juanfranciscociller.com\/wp-content\/uploads\/2026\/01\/3322.jpg","contentUrl":"https:\/\/juanfranciscociller.com\/wp-content\/uploads\/2026\/01\/3322.jpg"},{"@type":"BreadcrumbList","@id":"https:\/\/juanfranciscociller.com\/#breadcrumb","itemListElement":[{"@type":"ListItem","position":1,"name":"Portada","item":"https:\/\/juanfranciscociller.com\/"},{"@type":"ListItem","position":2,"name":"Inicio"}]},{"@type":"WebSite","@id":"https:\/\/juanfranciscociller.com\/#website","url":"https:\/\/juanfranciscociller.com\/","name":"Juan Francisco Ciller P\u00e9rez","description":"presi\u00f3n y compresores de aire comprimido.","publisher":{"@id":"https:\/\/juanfranciscociller.com\/#organization"},"potentialAction":[{"@type":"SearchAction","target":{"@type":"EntryPoint","urlTemplate":"https:\/\/juanfranciscociller.com\/?s={search_term_string}"},"query-input":{"@type":"PropertyValueSpecification","valueRequired":true,"valueName":"search_term_string"}}],"inLanguage":"en-GB"},{"@type":"Organization","@id":"https:\/\/juanfranciscociller.com\/#organization","name":"Juan Francisco Ciller P\u00e9rez","url":"https:\/\/juanfranciscociller.com\/","logo":{"@type":"ImageObject","inLanguage":"en-GB","@id":"https:\/\/juanfranciscociller.com\/#\/schema\/logo\/image\/","url":"https:\/\/juanfranciscociller.com\/wp-content\/uploads\/2026\/01\/cropped-juanfranciscociller202510_logo_web.png","contentUrl":"https:\/\/juanfranciscociller.com\/wp-content\/uploads\/2026\/01\/cropped-juanfranciscociller202510_logo_web.png","width":1079,"height":161,"caption":"Juan Francisco Ciller P\u00e9rez "},"image":{"@id":"https:\/\/juanfranciscociller.com\/#\/schema\/logo\/image\/"}}]}},"_links":{"self":[{"href":"https:\/\/juanfranciscociller.com\/en\/wp-json\/wp\/v2\/pages\/10","targetHints":{"allow":["GET"]}}],"collection":[{"href":"https:\/\/juanfranciscociller.com\/en\/wp-json\/wp\/v2\/pages"}],"about":[{"href":"https:\/\/juanfranciscociller.com\/en\/wp-json\/wp\/v2\/types\/page"}],"author":[{"embeddable":true,"href":"https:\/\/juanfranciscociller.com\/en\/wp-json\/wp\/v2\/users\/1"}],"replies":[{"embeddable":true,"href":"https:\/\/juanfranciscociller.com\/en\/wp-json\/wp\/v2\/comments?post=10"}],"version-history":[{"count":52,"href":"https:\/\/juanfranciscociller.com\/en\/wp-json\/wp\/v2\/pages\/10\/revisions"}],"predecessor-version":[{"id":260,"href":"https:\/\/juanfranciscociller.com\/en\/wp-json\/wp\/v2\/pages\/10\/revisions\/260"}],"wp:attachment":[{"href":"https:\/\/juanfranciscociller.com\/en\/wp-json\/wp\/v2\/media?parent=10"}],"curies":[{"name":"wp","href":"https:\/\/api.w.org\/{rel}","templated":true}]}}